{"id":80,"date":"2017-11-29T10:51:23","date_gmt":"2017-11-29T09:51:23","guid":{"rendered":"http:\/\/baza-becaraca.hkcp.hr\/?page_id=80"},"modified":"2022-11-24T13:07:33","modified_gmt":"2022-11-24T12:07:33","slug":"povijest","status":"publish","type":"page","link":"https:\/\/baza-becaraca.hkcp.hr\/?page_id=80","title":{"rendered":"Povijest"},"content":{"rendered":"<h2 style=\"text-align: left;\">BE\u0106ARAC<\/h2>\n<p style=\"text-align: left;\"><strong>\u0160to je be\u0107arac?<\/strong><\/p>\n<p style=\"text-align: left;\">Be\u0107arac je oblik narodne pjesme porijeklom iz ruralne Slavonije, Srijema i Baranje, odakle se njegova popularnost pro\u0161irila do ju\u017ene Ma\u0111arske i diljem Vojvodine. U<br \/>\nobliku je dvostih koji se sastoji od dva deseterca \u010dije se (obi\u010dno) zadnje rije\u010di rimuju. U studenom 2011. UNESCO je upisao be\u0107arac u svoj popis nematerijalne kulturne ba\u0161tine \u010dovje\u010danstva.<\/p>\n<p style=\"text-align: left;\">Desetera\u010dka glazbena vrsta u kojoj se na odre\u0111eni melodijski obrazac i njegove brojne ina\u010dice pjevaju po sadr\u017eaju veoma razli\u010diti desetera\u010dki dvostihovi,<br \/>\nnaj\u010de\u0161\u0107e ljubavni i metafori\u010dno erotski; hvale se vlastite vrline, ljepota, sposobnosti, imovno stanje, izruguju se neistomi\u0161ljenici i suparnici, prkosi se i inati.<\/p>\n<p style=\"text-align: left;\"><img loading=\"lazy\" decoding=\"async\" class=\"alignnone size-medium wp-image-85\" src=\"https:\/\/i0.wp.com\/baza-becaraca.hkcp.hr\/wp-content\/uploads\/2017\/11\/tamburasi-300x228.jpg?resize=300%2C228\" alt=\"\" width=\"300\" height=\"228\" srcset=\"https:\/\/i0.wp.com\/baza-becaraca.hkcp.hr\/wp-content\/uploads\/2017\/11\/tamburasi.jpg?resize=300%2C228&amp;ssl=1 300w, https:\/\/i0.wp.com\/baza-becaraca.hkcp.hr\/wp-content\/uploads\/2017\/11\/tamburasi.jpg?w=666&amp;ssl=1 666w\" sizes=\"auto, (max-width: 300px) 100vw, 300px\" data-recalc-dims=\"1\" \/><\/p>\n<p style=\"text-align: left;\"><strong>Izvo\u0111enje be\u0107arca i natpjevavanje<\/strong><\/p>\n<p style=\"text-align: left;\">U be\u0107arcu se obi\u010dno \u201enatpjevavaju\u201c dva ili vi\u0161e vode\u0107ih pjeva\u010da koje prati skupno pjevanje i svirka narodnih glazbala, neko\u0107 gajdi i tambure samice, a potom tambura\u0161kih sastava ili mje\u0161ovitih sastava s violinom, harmonikom i tamburama. Be\u0107arac se obi\u010dno izvodi tako da prvi stih ili dio stiha, koji tvori odre\u0111enu misaonu tezu, otpjeva jedan pjeva\u010d, a potom mu se pridru\u017ee ostali pjeva\u010di. Drugi je stih naj\u010de\u0161\u0107e humorna antiteza prvom stihu, a pjevaju ga obi\u010dno svi pjeva\u010di. Stihovi se \u010desto smi\u0161ljaju tijekom same izvedbe, tematiziraju\u0107i nazo\u010dne pojedince, zbivanja i kontekst u kojem se izvedba odvija. Cijene se pjeva\u010di koji imaju dobru dikciju i jak glas, koji dobro poznaju repertoar starih i novih desetara\u010dkih dvostihova te koji su dosjetljivi, spretni i brzi u oblikovanju novih dvostihova.<\/p>\n<p style=\"text-align: left;\">Pjeva\u010di uglavnom zapo\u010dinju s pristojnijim stihovima dok se ne uhvati netko tko \u0107e povesti natpjevavanje i uvesti one malo manje pristojne stihove ili kako se obi\u010dno u narodu ka\u017ee <em>skupe<\/em> ili <em>masne <\/em>be\u0107arce.<\/p>\n<p style=\"text-align: left;\"><strong>Primjeri be\u0107araca<\/strong><\/p>\n<p style=\"text-align: left;\">\u201eVidi kuma vidi mu kaputa,<br \/>\nsve na kredit rano moja ljuta.\u201d<\/p>\n<p style=\"text-align: left;\">\u201eE, moj diko ne pla\u010di na pragu,<br \/>\nmogla bi mi vrata povu\u0107\u2019 vlagu.\u201d<\/p>\n<p style=\"text-align: left;\">\u201eMoja mala klempavoga uha,<br \/>\nki\u0161a pada, a ramena suha.\u201d<\/p>\n<p style=\"text-align: left;\">\u201eU be\u0107ara nigdje ni\u0161ta nema,<br \/>\nsamo roda po avliji &#8216;oda.\u201d<\/p>\n<p style=\"text-align: left;\">\u201eBe\u0107ar jesam pa nek&#8217; selo vi\u010de,<br \/>\nidem ku\u0107i kada zora svi\u0107e.\u201d<\/p>\n<p style=\"text-align: left;\"><img loading=\"lazy\" decoding=\"async\" class=\"alignnone size-medium wp-image-87\" src=\"https:\/\/i0.wp.com\/baza-becaraca.hkcp.hr\/wp-content\/uploads\/2017\/11\/becm-300x300.jpg?resize=300%2C300\" alt=\"\" width=\"300\" height=\"300\" srcset=\"https:\/\/i0.wp.com\/baza-becaraca.hkcp.hr\/wp-content\/uploads\/2017\/11\/becm.jpg?resize=300%2C300&amp;ssl=1 300w, https:\/\/i0.wp.com\/baza-becaraca.hkcp.hr\/wp-content\/uploads\/2017\/11\/becm.jpg?resize=150%2C150&amp;ssl=1 150w, https:\/\/i0.wp.com\/baza-becaraca.hkcp.hr\/wp-content\/uploads\/2017\/11\/becm.jpg?resize=212%2C212&amp;ssl=1 212w, https:\/\/i0.wp.com\/baza-becaraca.hkcp.hr\/wp-content\/uploads\/2017\/11\/becm.jpg?w=480&amp;ssl=1 480w\" sizes=\"auto, (max-width: 300px) 100vw, 300px\" data-recalc-dims=\"1\" \/><\/p>\n","protected":false},"excerpt":{"rendered":"<p>BE\u0106ARAC \u0160to je be\u0107arac? Be\u0107arac je oblik narodne pjesme porijeklom iz ruralne Slavonije, Srijema i Baranje, odakle se njegova popularnost pro\u0161irila do ju\u017ene Ma\u0111arske i diljem Vojvodine. U obliku je dvostih koji se sastoji od dva deseterca \u010dije se (obi\u010dno) zadnje rije\u010di rimuju. U studenom 2011. UNESCO je upisao be\u0107arac u svoj popis nematerijalne kulturne [&hellip;]<\/p>\n","protected":false},"author":1,"featured_media":0,"parent":0,"menu_order":0,"comment_status":"closed","ping_status":"closed","template":"","meta":{"advanced_seo_description":"","jetpack_seo_html_title":"","jetpack_seo_noindex":false,"footnotes":""},"class_list":["post-80","page","type-page","status-publish","hentry"],"jetpack_sharing_enabled":true,"jetpack_likes_enabled":true,"jetpack-related-posts":[{"id":801,"url":"https:\/\/baza-becaraca.hkcp.hr\/?page_id=801","url_meta":{"origin":80,"position":0},"title":"KUD &#8220;Kondri\u0107ani&#8221; Kondri\u0107","date":"7. studenoga 2023.","format":false,"excerpt":"KUD \"Kondri\u0107ani\" Kondri\u0107 \u00a0 Kulturno-umjetni\u010dko dru\u0161tvo \u201cKondri\u0107ani\u201d dolazi iz Kondri\u0107a, koje je smje\u0161teno na obroncima Dilja, op\u0107ine Trnava, Osje\u010dko \u2013 baranjske \u017eupanije. Dru\u0161tvo je osnovano 6. sije\u010dnja 2001., a djeluje u tri skupine; plesna skupina, pjeva\u010dka i tambura\u0161ka sekcija. KUD broji oko 20-tak aktivnih \u010dlanova. Njeguju\u0107i pjesmu, plesove i obi\u010daje\u2026","rel":"","context":"Srodne objave","img":{"alt_text":"","src":"","width":0,"height":0},"classes":[]}],"_links":{"self":[{"href":"https:\/\/baza-becaraca.hkcp.hr\/index.php?rest_route=\/wp\/v2\/pages\/80","targetHints":{"allow":["GET"]}}],"collection":[{"href":"https:\/\/baza-becaraca.hkcp.hr\/index.php?rest_route=\/wp\/v2\/pages"}],"about":[{"href":"https:\/\/baza-becaraca.hkcp.hr\/index.php?rest_route=\/wp\/v2\/types\/page"}],"author":[{"embeddable":true,"href":"https:\/\/baza-becaraca.hkcp.hr\/index.php?rest_route=\/wp\/v2\/users\/1"}],"replies":[{"embeddable":true,"href":"https:\/\/baza-becaraca.hkcp.hr\/index.php?rest_route=%2Fwp%2Fv2%2Fcomments&post=80"}],"version-history":[{"count":9,"href":"https:\/\/baza-becaraca.hkcp.hr\/index.php?rest_route=\/wp\/v2\/pages\/80\/revisions"}],"predecessor-version":[{"id":718,"href":"https:\/\/baza-becaraca.hkcp.hr\/index.php?rest_route=\/wp\/v2\/pages\/80\/revisions\/718"}],"wp:attachment":[{"href":"https:\/\/baza-becaraca.hkcp.hr\/index.php?rest_route=%2Fwp%2Fv2%2Fmedia&parent=80"}],"curies":[{"name":"wp","href":"https:\/\/api.w.org\/{rel}","templated":true}]}}