{"id":71,"date":"2017-11-29T10:32:12","date_gmt":"2017-11-29T09:32:12","guid":{"rendered":"http:\/\/baza-becaraca.hkcp.hr\/?page_id=71"},"modified":"2024-10-12T15:17:57","modified_gmt":"2024-10-12T13:17:57","slug":"pogledaj","status":"publish","type":"page","link":"https:\/\/baza-becaraca.hkcp.hr\/?page_id=71","title":{"rendered":"Pogledaj"},"content":{"rendered":"<p>Na sljede\u0107im videozapisima mo\u017eete pogledati kako se snimala Baza be\u0107araca i kakve sve uspomene ve\u017eu ba\u0161tinike be\u0107arca uz njihov omiljeni napjev!<\/p>\n<p>&nbsp;<\/p>\n<p>Tomislav Livaja i Filip Golubov, svira\u010di na tradicijskim instrumentima izrekli su po jednu \u0161aljivu zgodu vezanu uz be\u0107arac. Pogledajte videozapis!<\/p>\n<p><iframe loading=\"lazy\" title=\"YouTube video player\" src=\"https:\/\/www.youtube.com\/embed\/DHyjQlJ3hH0\" width=\"560\" height=\"315\" frameborder=\"0\" allowfullscreen=\"allowfullscreen\"><\/iframe><\/p>\n<p>&nbsp;<\/p>\n<p>&nbsp;<\/p>\n<p>&nbsp;<\/p>\n<p>HKUD &#8220;Slavonija&#8221; Jak\u0161i\u0107 uklju\u010dio se u projekt Baze be\u0107araca te su \u010dlanovi toga dru\u0161tva ispripovijedali \u0161to je za njih be\u0107arac. Kako je bilo na snimanju, saznajte u videozapisu!<\/p>\n<p><iframe loading=\"lazy\" title=\"HKUD &quot;Slavonija&quot; Jak\u0161i\u0107 - snimanje za Bazu be\u0107araca\" width=\"500\" height=\"281\" src=\"https:\/\/www.youtube.com\/embed\/2Dvza3YKS2A?feature=oembed\" frameborder=\"0\" allow=\"accelerometer; autoplay; clipboard-write; encrypted-media; gyroscope; picture-in-picture; web-share\" referrerpolicy=\"strict-origin-when-cross-origin\" allowfullscreen><\/iframe><\/p>\n<p>&nbsp;<\/p>\n<p>&nbsp;<\/p>\n<p>Mu\u0161ka pjeva\u010dka skupina &#8220;Rakija\u0161i&#8221; tako\u0111er su se uklju\u010dili u Bazu be\u0107araca otpjevav\u0161i razne verzije be\u0107araca. U sljede\u0107em videozapisu mo\u017eete pogledati kako je teklo snimanje!<\/p>\n<p><iframe loading=\"lazy\" title=\"MPS &quot;Rakija\u0161i&quot; Podcrkavlje - snimanje za Bazu be\u0107araca\" width=\"500\" height=\"281\" src=\"https:\/\/www.youtube.com\/embed\/806OOKNR_iA?feature=oembed\" frameborder=\"0\" allow=\"accelerometer; autoplay; clipboard-write; encrypted-media; gyroscope; picture-in-picture; web-share\" referrerpolicy=\"strict-origin-when-cross-origin\" allowfullscreen><\/iframe><\/p>\n<p>&nbsp;<\/p>\n<p>KUD &#8221;Selja\u010dka sloga&#8221; Bogdanovci<\/p>\n<p><iframe loading=\"lazy\" title=\"KUD &#039;&#039;Selja\u010dka sloga&#039;&#039; Bogdanovci - snimanje za Bazu be\u0107araca\" width=\"500\" height=\"281\" src=\"https:\/\/www.youtube.com\/embed\/SlNUTejGcm8?feature=oembed\" frameborder=\"0\" allow=\"accelerometer; autoplay; clipboard-write; encrypted-media; gyroscope; picture-in-picture; web-share\" referrerpolicy=\"strict-origin-when-cross-origin\" allowfullscreen><\/iframe><\/p>\n<p>&nbsp;<\/p>\n<p>KUD &#8221;Kondri\u0107ani&#8221;\u00a0 Kondri\u0107<\/p>\n<p><iframe loading=\"lazy\" title=\"KUD &#039;&#039;Kondri\u0107ani&#039;&#039;\u00a0 Kondri\u0107\" width=\"500\" height=\"281\" src=\"https:\/\/www.youtube.com\/embed\/n8HdFP1a9NY?feature=oembed\" frameborder=\"0\" allow=\"accelerometer; autoplay; clipboard-write; encrypted-media; gyroscope; picture-in-picture; web-share\" referrerpolicy=\"strict-origin-when-cross-origin\" allowfullscreen><\/iframe><\/p>\n<p>&nbsp;<\/p>\n<div id=\"title\" class=\"style-scope ytd-watch-metadata\">\n<p class=\"style-scope ytd-watch-metadata\">KUD &#8221;Sloga&#8221; Bapska<\/p>\n<\/div>\n<p><iframe loading=\"lazy\" title=\"KUD &#039;&#039;Sloga&#039;&#039; Bapska\" width=\"500\" height=\"281\" src=\"https:\/\/www.youtube.com\/embed\/OW5Nk9O6gNo?feature=oembed\" frameborder=\"0\" allow=\"accelerometer; autoplay; clipboard-write; encrypted-media; gyroscope; picture-in-picture; web-share\" referrerpolicy=\"strict-origin-when-cross-origin\" allowfullscreen><\/iframe><\/p>\n<p>&nbsp;<\/p>\n<p>KUD &#8221; Branimir&#8221; Bo\u0161njaci<\/p>\n<p><iframe loading=\"lazy\" title=\"KUD &#039;&#039; Branimir&#039;&#039; Bo\u0161njaci\" width=\"500\" height=\"281\" src=\"https:\/\/www.youtube.com\/embed\/_fJ9vY-i9uo?feature=oembed\" frameborder=\"0\" allow=\"accelerometer; autoplay; clipboard-write; encrypted-media; gyroscope; picture-in-picture; web-share\" referrerpolicy=\"strict-origin-when-cross-origin\" allowfullscreen><\/iframe><\/p>\n<p>&nbsp;<\/p>\n<p>KUD &#8221;Tomislav&#8221; Cerna<\/p>\n<p><iframe loading=\"lazy\" title=\"KUD &#039;&#039;Tomislav&#039;&#039; Cerna\" width=\"500\" height=\"281\" src=\"https:\/\/www.youtube.com\/embed\/7cFpkUTRknk?feature=oembed\" frameborder=\"0\" allow=\"accelerometer; autoplay; clipboard-write; encrypted-media; gyroscope; picture-in-picture; web-share\" referrerpolicy=\"strict-origin-when-cross-origin\" allowfullscreen><\/iframe><\/p>\n<p>&nbsp;<\/p>\n<p>KUU &#8221;Gacka&#8221; Li\u010dko Le\u0161\u0107e<\/p>\n<p><iframe loading=\"lazy\" title=\"KUU &#039;&#039;Gacka&#039;&#039; Li\u010dko Le\u0161\u0107e\" width=\"500\" height=\"281\" src=\"https:\/\/www.youtube.com\/embed\/EWxkd07d1x8?feature=oembed\" frameborder=\"0\" allow=\"accelerometer; autoplay; clipboard-write; encrypted-media; gyroscope; picture-in-picture; web-share\" referrerpolicy=\"strict-origin-when-cross-origin\" allowfullscreen><\/iframe><\/p>\n<p>&nbsp;<\/p>\n<p>KUD &#8221;Ivan Filipovi\u0107&#8221; Velika Kopanica<\/p>\n<p><iframe loading=\"lazy\" title=\"KUD &#039;&#039;Ivan Filipovi\u0107&#039;&#039; Velika Kopanica\" width=\"500\" height=\"281\" src=\"https:\/\/www.youtube.com\/embed\/liX8z9Xa5sU?feature=oembed\" frameborder=\"0\" allow=\"accelerometer; autoplay; clipboard-write; encrypted-media; gyroscope; picture-in-picture; web-share\" referrerpolicy=\"strict-origin-when-cross-origin\" allowfullscreen><\/iframe><\/p>\n<p>&nbsp;<\/p>\n<p>KUD &#8221;\u0160okadija&#8221; Stari Mikanovci<\/p>\n<p><iframe loading=\"lazy\" title=\"KUD &#039;&#039;\u0160okadija&#039;&#039; Stari Mikanovci\" width=\"500\" height=\"281\" src=\"https:\/\/www.youtube.com\/embed\/lP7fS5OpZ5Q?feature=oembed\" frameborder=\"0\" allow=\"accelerometer; autoplay; clipboard-write; encrypted-media; gyroscope; picture-in-picture; web-share\" referrerpolicy=\"strict-origin-when-cross-origin\" allowfullscreen><\/iframe><\/p>\n<p>&nbsp;<\/p>\n<p><iframe loading=\"lazy\" title=\"KUD &#039;&#039;\u0160okadija&#039;&#039; Stari Mikanovci\" width=\"500\" height=\"281\" src=\"https:\/\/www.youtube.com\/embed\/EJFWlKG6KTY?feature=oembed\" frameborder=\"0\" allow=\"accelerometer; autoplay; clipboard-write; encrypted-media; gyroscope; picture-in-picture; web-share\" referrerpolicy=\"strict-origin-when-cross-origin\" allowfullscreen><\/iframe><\/p>\n<p>&nbsp;<\/p>\n<p>KUD &#8221;Odvorci&#8221; Grgurevi\u0107i<\/p>\n<p><iframe loading=\"lazy\" title=\"KUD &#039;&#039;Odvorci&#039;&#039; Grgurevi\u0107i\" width=\"500\" height=\"281\" src=\"https:\/\/www.youtube.com\/embed\/SLB8YO6o3Kw?feature=oembed\" frameborder=\"0\" allow=\"accelerometer; autoplay; clipboard-write; encrypted-media; gyroscope; picture-in-picture; web-share\" referrerpolicy=\"strict-origin-when-cross-origin\" allowfullscreen><\/iframe><\/p>\n<p>&nbsp;<\/p>\n<p>KUU\u00a0\u201cMarijan Lanosovi\u0107\u201d\u00a0Orubica<\/p>\n<p><iframe loading=\"lazy\" title=\"KUU \u201cMarijan Lanosovi\u0107\u201d Orubica\" width=\"500\" height=\"281\" src=\"https:\/\/www.youtube.com\/embed\/qNJTUtudtpU?feature=oembed\" frameborder=\"0\" allow=\"accelerometer; autoplay; clipboard-write; encrypted-media; gyroscope; picture-in-picture; web-share\" referrerpolicy=\"strict-origin-when-cross-origin\" allowfullscreen><\/iframe><\/p>\n<p>&nbsp;<\/p>\n<p>KUD\u00a0\u201cJosip Lovreti\u0107\u201d\u00a0Otok<\/p>\n<p><iframe loading=\"lazy\" title=\"KUD\u00a0\u201cJosip Lovreti\u0107\u201d\u00a0Otok\" width=\"500\" height=\"281\" src=\"https:\/\/www.youtube.com\/embed\/Xw1bkPZRY1Q?feature=oembed\" frameborder=\"0\" allow=\"accelerometer; autoplay; clipboard-write; encrypted-media; gyroscope; picture-in-picture; web-share\" referrerpolicy=\"strict-origin-when-cross-origin\" allowfullscreen><\/iframe><\/p>\n<div id=\"title\" class=\"style-scope ytd-watch-metadata\">\n<p>&nbsp;<\/p>\n<p class=\"style-scope ytd-watch-metadata\">MPS &#8221;Spa\u010dva&#8221; Donje Novo Selo<\/p>\n<\/div>\n<p><iframe loading=\"lazy\" title=\"MPS &#039;&#039;Spa\u010dva&#039;&#039;  Donje Novo Selo\" width=\"500\" height=\"281\" src=\"https:\/\/www.youtube.com\/embed\/VfHkeBnQW7w?feature=oembed\" frameborder=\"0\" allow=\"accelerometer; autoplay; clipboard-write; encrypted-media; gyroscope; picture-in-picture; web-share\" referrerpolicy=\"strict-origin-when-cross-origin\" allowfullscreen><\/iframe><\/p>\n<p>&nbsp;<\/p>\n<div id=\"title\" class=\"style-scope ytcp-uploads-dialog\">MPS &#8221;Fa\u0161i&#8221; Novi Perkovci<\/div>\n<p><iframe loading=\"lazy\" title=\"MPS &#039;&#039;Fa\u0161i&#039;&#039;   Novi Perkovci\" width=\"500\" height=\"281\" src=\"https:\/\/www.youtube.com\/embed\/XhUeahFtChU?feature=oembed\" frameborder=\"0\" allow=\"accelerometer; autoplay; clipboard-write; encrypted-media; gyroscope; picture-in-picture; web-share\" referrerpolicy=\"strict-origin-when-cross-origin\" allowfullscreen><\/iframe><\/p>\n<p>&nbsp;<\/p>\n<p>Prva pjeva\u010dka konjica &#8221;Sin\u0111ir&#8221; \u017dupanja<\/p>\n<p><iframe loading=\"lazy\" title=\"Prva pjeva\u010dka konjica &#039;&#039;Sin\u0111ir&#039;&#039; \u017dupanja\" width=\"500\" height=\"281\" src=\"https:\/\/www.youtube.com\/embed\/ia24eo1IWas?feature=oembed\" frameborder=\"0\" allow=\"accelerometer; autoplay; clipboard-write; encrypted-media; gyroscope; picture-in-picture; web-share\" referrerpolicy=\"strict-origin-when-cross-origin\" allowfullscreen><\/iframe><\/p>\n<p>&nbsp;<\/p>\n<p>\u017dPS &#8221;Drumarice&#8221; Brodski Stupnik<\/p>\n<p><iframe loading=\"lazy\" title=\"\u017dPS &#039;&#039;Drumarice&#039;&#039; Brodski Stupnik\" width=\"500\" height=\"281\" src=\"https:\/\/www.youtube.com\/embed\/xBrP39Z4mwM?feature=oembed\" frameborder=\"0\" allow=\"accelerometer; autoplay; clipboard-write; encrypted-media; gyroscope; picture-in-picture; web-share\" referrerpolicy=\"strict-origin-when-cross-origin\" allowfullscreen><\/iframe><\/p>\n<p>&nbsp;<\/p>\n<p>\u017dPS &#8221;\u017dene veselog srca&#8221; Lapovci<\/p>\n<p><iframe loading=\"lazy\" title=\"\u017dPS &#039;&#039;\u017dene veselog srca&#039;&#039; Lapovci\" width=\"500\" height=\"281\" src=\"https:\/\/www.youtube.com\/embed\/1jc69Ngfxjc?feature=oembed\" frameborder=\"0\" allow=\"accelerometer; autoplay; clipboard-write; encrypted-media; gyroscope; picture-in-picture; web-share\" referrerpolicy=\"strict-origin-when-cross-origin\" allowfullscreen><\/iframe><\/p>\n<p>&nbsp;<\/p>\n<p>KUD &#8221;\u0160okadija&#8221; Budrovci<\/p>\n<p><iframe loading=\"lazy\" title=\"KUD &#039;&#039;\u0160okadija&#039;&#039; Budrovci\" width=\"500\" height=\"281\" src=\"https:\/\/www.youtube.com\/embed\/EIOT35k_YkM?feature=oembed\" frameborder=\"0\" allow=\"accelerometer; autoplay; clipboard-write; encrypted-media; gyroscope; picture-in-picture; web-share\" referrerpolicy=\"strict-origin-when-cross-origin\" allowfullscreen><\/iframe><\/p>\n<p>&nbsp;<\/p>\n<p>KUD &#8221;Lipa&#8221; Semeljci<\/p>\n<p><iframe loading=\"lazy\" title=\"KUD &#039;&#039;Lipa&#039;&#039; Semeljci\" width=\"500\" height=\"281\" src=\"https:\/\/www.youtube.com\/embed\/qa6ckDAQTFA?feature=oembed\" frameborder=\"0\" allow=\"accelerometer; autoplay; clipboard-write; encrypted-media; gyroscope; picture-in-picture; web-share\" referrerpolicy=\"strict-origin-when-cross-origin\" allowfullscreen><\/iframe><\/p>\n","protected":false},"excerpt":{"rendered":"<p>Na sljede\u0107im videozapisima mo\u017eete pogledati kako se snimala Baza be\u0107araca i kakve sve uspomene ve\u017eu ba\u0161tinike be\u0107arca uz njihov omiljeni napjev! &nbsp; Tomislav Livaja i Filip Golubov, svira\u010di na tradicijskim instrumentima izrekli su po jednu \u0161aljivu zgodu vezanu uz be\u0107arac. Pogledajte videozapis! &nbsp; &nbsp; &nbsp; HKUD &#8220;Slavonija&#8221; Jak\u0161i\u0107 uklju\u010dio se u projekt Baze be\u0107araca te [&hellip;]<\/p>\n","protected":false},"author":1,"featured_media":0,"parent":0,"menu_order":0,"comment_status":"closed","ping_status":"closed","template":"","meta":{"advanced_seo_description":"","jetpack_seo_html_title":"","jetpack_seo_noindex":false,"footnotes":""},"class_list":["post-71","page","type-page","status-publish","hentry"],"jetpack_sharing_enabled":true,"jetpack_likes_enabled":true,"jetpack-related-posts":[{"id":801,"url":"https:\/\/baza-becaraca.hkcp.hr\/?page_id=801","url_meta":{"origin":71,"position":0},"title":"KUD &#8220;Kondri\u0107ani&#8221; Kondri\u0107","date":"7. studenoga 2023.","format":false,"excerpt":"KUD \"Kondri\u0107ani\" Kondri\u0107 \u00a0 Kulturno-umjetni\u010dko dru\u0161tvo \u201cKondri\u0107ani\u201d dolazi iz Kondri\u0107a, koje je smje\u0161teno na obroncima Dilja, op\u0107ine Trnava, Osje\u010dko \u2013 baranjske \u017eupanije. Dru\u0161tvo je osnovano 6. sije\u010dnja 2001., a djeluje u tri skupine; plesna skupina, pjeva\u010dka i tambura\u0161ka sekcija. KUD broji oko 20-tak aktivnih \u010dlanova. Njeguju\u0107i pjesmu, plesove i obi\u010daje\u2026","rel":"","context":"Srodne objave","img":{"alt_text":"","src":"","width":0,"height":0},"classes":[]}],"_links":{"self":[{"href":"https:\/\/baza-becaraca.hkcp.hr\/index.php?rest_route=\/wp\/v2\/pages\/71","targetHints":{"allow":["GET"]}}],"collection":[{"href":"https:\/\/baza-becaraca.hkcp.hr\/index.php?rest_route=\/wp\/v2\/pages"}],"about":[{"href":"https:\/\/baza-becaraca.hkcp.hr\/index.php?rest_route=\/wp\/v2\/types\/page"}],"author":[{"embeddable":true,"href":"https:\/\/baza-becaraca.hkcp.hr\/index.php?rest_route=\/wp\/v2\/users\/1"}],"replies":[{"embeddable":true,"href":"https:\/\/baza-becaraca.hkcp.hr\/index.php?rest_route=%2Fwp%2Fv2%2Fcomments&post=71"}],"version-history":[{"count":12,"href":"https:\/\/baza-becaraca.hkcp.hr\/index.php?rest_route=\/wp\/v2\/pages\/71\/revisions"}],"predecessor-version":[{"id":1125,"href":"https:\/\/baza-becaraca.hkcp.hr\/index.php?rest_route=\/wp\/v2\/pages\/71\/revisions\/1125"}],"wp:attachment":[{"href":"https:\/\/baza-becaraca.hkcp.hr\/index.php?rest_route=%2Fwp%2Fv2%2Fmedia&parent=71"}],"curies":[{"name":"wp","href":"https:\/\/api.w.org\/{rel}","templated":true}]}}