{"id":637,"date":"2022-11-16T22:47:00","date_gmt":"2022-11-16T21:47:00","guid":{"rendered":"https:\/\/baza-becaraca.hkcp.hr\/?page_id=637"},"modified":"2024-11-04T13:29:09","modified_gmt":"2024-11-04T12:29:09","slug":"o-projektu","status":"publish","type":"page","link":"https:\/\/baza-becaraca.hkcp.hr\/?page_id=637","title":{"rendered":"O projektu"},"content":{"rendered":"<p style=\"text-align: left;\">Projekt &#8220;Be\u0107arac u Pleternici&#8221; zapo\u010deo je 2017. godine. Zapo\u010dela ga je Hrvatska knji\u017enica i \u010ditaonica Pleternicu u svrhu zapisivanja i o\u010duvanja nematerijalne kulturne ba\u0161tine. Provedeno je istra\u017eivanje be\u0107arca u 2017. te je stvorena Baza be\u0107arca na web stranici Hrvatske knji\u017enice i \u010ditaonice Pleternica kao i Interpretacijski plan upravljanja kulturnom ba\u0161tinom. Provedene su radionice o be\u0107arcu na temelju kojih su se napravile bro\u0161ure koje su se stavile na raspolaganje posjetiteljima Hrvatske knji\u017enice i \u010ditaonice Pleternica i Grada Pleternice.<\/p>\n<p style=\"text-align: left;\">Radionice su se temeljile na provo\u0111enju navedenih aktivnosti kroz igru koja je najva\u017enija\u00a0 aktivnost pred\u0161kolskog i \u0161kolskog uzrasta od 1.- 4. razreda. Na poseban na\u010din djecu pred\u0161kolske i \u0161kolske dobi uveli smo u svijet tradicijske glazbe, zajedni\u010dkog rada i suradnje u stvaranju i realizaciji \u017eeljenog cilja &#8211; razvijanje raznih vrsta funkcionalne pismenosti te izgradnja osobnog i nacionalnog identiteta.<\/p>\n<p style=\"text-align: left;\">U 2. fazi ovog programa izra\u0111ena je aplikacija kompatibilna s android sustavom na mobitelima\/tabletima pod nazivom Baza be\u0107araca gdje se mo\u017ee i\u0161\u010ditati be\u0107arac, unijeti novi be\u0107arac putem aplikacije u ve\u0107 postoje\u0107u bazu, be\u0107arac dijeliti putem dru\u0161tvenih mre\u017ea te samostalno vje\u017ebati slaganje be\u0107araca. Aplikacija je predstavljena javnosti 2019. godine uz promociju aplikacije koju smo radili kroz nekoliko manifestacija, a posebice uz promociju monografije i kuharice Kulturne rute be\u0107arca i gange \u0161to je poveznica s jo\u0161 jednim programom koji se usko nadovezuje na ovaj, a odnosi se na mlade i odrasle.<\/p>\n<p style=\"text-align: left;\">U 3. fazi programa saznanja i dosada\u0161nja istra\u017eivanja su sa\u017eeta i prilago\u0111ena korisnicima koji \u017eele nau\u010diti ne\u0161to novo i zanimljivo o nematerijalnoj kulturnoj ba\u0161tini napjeva be\u0107arac te su istra\u017eivanja uobli\u010dena u sa\u017eete \u010dinjenice i zanimljivosti u vidu odgovora na pitanja <em>\u0160to je be\u0107arac?, Kada nastaje be\u0107arac?, Koje su odlike pravog majstora be\u0107araca?, Koje poznate osobe ve\u017eemo uz be\u0107arac?, Kada i kako se pjeva be\u0107arac?<\/em> i sl. Edukacija, odnosno \u010dinjenice su postavljene kao nadogradnja ve\u0107 postoje\u0107e aplikacije, koja umjesto dugog i mo\u017eda, nao\u010digled, prosje\u010dnom korisniku, zamornog teksta, svoj sadr\u017eaj donosi na sa\u017eet i vizualno privla\u010dan na\u010din uz pomicanje pitanja i teksta pomicanjem prsta ulijevo \u0161to je i nazna\u010deno na samoj aplikaciji. Edukacija zavr\u0161ava s mogu\u0107nosti pokretanja Kviza i provjere znanja o be\u0107arcu, \u010diji to\u010dni odgovori se nalaze u postavljenim \u010dinjenicama u edukaciji. Sam kviz je postavljen na zanimljiv na\u010din koji nudi odgovore, ali i tra\u017ei poznavanje i nadopunjavanje nekih poznatijih stihova dobro znanih be\u0107araca.<\/p>\n<p style=\"text-align: left;\">Prilikom svih to\u010dnih odgovora aplikacija korisniku dodjeljuje i naziv <em>Pravi be\u0107ar\/Prava be\u0107aru\u0161a<\/em> te certifikat, odnosno diplomu o polo\u017eenoj edukaciji koja se mo\u017ee personalizirati imenom i prezimenom te preuzeti na korisnikov ure\u0111aj. Ovaj na\u010din privla\u010di brojne korisnike mla\u0111e dobi, ali i starijima omogu\u0107ava zanimljiv pregled znanja i zapisa o be\u0107arcima.<\/p>\n<p style=\"text-align: left;\">U 4. fazi programa u aplikaciju se dodao i zvu\u010dni zapis, audio snimka, be\u0107araca izvedenih od strane \u010dlanova kulturno-kulturno umjetni\u010dkih dru\u0161tava (KUD &#8221;Berislavi\u0107&#8221; iz Novog Grada, KUD &#8221;Tomislav&#8221; iz Donjih Andrijevaca, MPS &#8220;Strossmayer&#8221; KUD-a &#8221;\u0160okadija&#8221; iz Strizivojne, KUD &#8221;Orljava&#8221; iz Pleternice, KUD &#8221;Ivo \u010cakali\u0107&#8221; iz Kaptola, KUD &#8221;Berda&#8221; iz Brestovca) kako bi se u aplikaciji mogao osim zapisa rije\u010di, prona\u0107i i zapis zvuka.<\/p>\n<p style=\"text-align: left;\">Ponegdje su be\u0107arac izvodili kompletni KUD-ovi, a ponegdje je to bila isklju\u010divo mu\u0161ka ili \u017eenska pjesma. Ni instrumenti nisu svugdje bili isti. Neke skupine pjevale su uz tambura\u0161ki sastav, neke su pjevale samo uz tamburu samicu, dok su neki poneki pjevali isklju\u010divo &#8220;a capella&#8221;, bez instrumentalne pratnje.<\/p>\n<p style=\"text-align: left;\">U 5. fazi projekta nastavlja se snimanja audio zapisa i stvaranje nove kategorije video zapisa (kategorija Pogledaj). Snimanje video i audio zapisa be\u0107araca uklju\u010dilo je sljede\u0107a kulturno-umjetni\u010dka dru\u0161tva i skupine: mu\u0161ka vokalna skupina &#8221;Sinovi atara&#8221; iz Zagreba, KUD &#8221;Svilenka&#8221; iz Buka, HKUD &#8221;Slavonija&#8221; iz Jak\u0161i\u0107a, KUD &#8221;Kre\u0161imir \u0160imi\u0107&#8221; iz Podcrkavlja, Mu\u0161ka pjeva\u010dka skupina &#8221;Rakija\u0161i&#8221; Podcrkavlje, i umjetnici na tradicijskim instrumentima Tomislav Livaja i Filip Golubov.<\/p>\n<p style=\"text-align: left;\">U 6. fazi projekta nastavlja se snimanje audio i video zapisa. Snimanje audio i video zapisa be\u0107araca uklju\u010divalo je sljede\u0107a kulturno-umjetni\u010dka dru\u0161tva i udruge: KUD \u201dSelja\u010dka sloga\u201d Bogdanovci, KUD \u201dKondri\u0107ani\u201d\u00a0 Kondri\u0107, KUD \u201dSloga\u201d Bapska, KUD \u201d Branimir\u201d Bo\u0161njaci, KUD \u201dTomislav\u201d Cerna, KUU \u201dGacka\u201d Li\u010dko Le\u0161\u0107e, KUD \u201dIvan Filipovi\u0107\u201d Velika Kopanica, KUD \u201d\u0160okadija\u201d Stari Mikanovci, KUD \u201dOdvorci\u201d Grgurevi\u0107i, KUU \u201cMarijan Lanosovi\u0107\u201d Orubica i KUD \u201cJosip Lovreti\u0107\u201d Otok.<\/p>\n<p style=\"text-align: left;\">U 7. fazi projekta nastavlja se snimanje audio i video zapisa. Snimanje audio i video zapisa be\u0107araca uklju\u010divalo je sljede\u0107a kulturno-umjetni\u010dka dru\u0161tva i skupine: MPS &#8221;Spa\u010dva&#8221; Donje Novo Selo, Prva pjeva\u010dka konjica &#8221;Sin\u0111ir&#8221; \u017dupanja, MPS &#8221;Fa\u0161i&#8221; Novi Perkovci, \u017dPS &#8221;Drumarice&#8221; Brodski Stupnik, \u017dPS &#8221;\u017dene veselog srca&#8221; Lapovci, KUD &#8221;\u0160okadija&#8221; Budrovci i KUD &#8221;Lipa&#8221; Semeljci. Tako\u0111er stvorena je nova kategorija &#8221;Pro\u010ditaj&#8221; u koju su stavljeni digitalizirani zapisi starih pisanih be\u0107araca.<\/p>\n<p style=\"text-align: left;\">Rezultat svih faza je trajno uspostavljena bogata kulturna ponuda Knji\u017enice i Grada Pleternice temeljena na ba\u0161tinskoj vrijednosti pjevanja be\u0107arca i prezentiranju svega \u0161to se nekada vezalo uz be\u0107arac (tradicionalni plesovi i kola, igre, zanati, obi\u010daji i druge autohtone vrijednosti).<\/p>\n","protected":false},"excerpt":{"rendered":"<p>Projekt &#8220;Be\u0107arac u Pleternici&#8221; zapo\u010deo je 2017. godine. Zapo\u010dela ga je Hrvatska knji\u017enica i \u010ditaonica Pleternicu u svrhu zapisivanja i o\u010duvanja nematerijalne kulturne ba\u0161tine. Provedeno je istra\u017eivanje be\u0107arca u 2017. te je stvorena Baza be\u0107arca na web stranici Hrvatske knji\u017enice i \u010ditaonice Pleternica kao i Interpretacijski plan upravljanja kulturnom ba\u0161tinom. Provedene su radionice o be\u0107arcu [&hellip;]<\/p>\n","protected":false},"author":1,"featured_media":0,"parent":0,"menu_order":0,"comment_status":"closed","ping_status":"closed","template":"","meta":{"advanced_seo_description":"","jetpack_seo_html_title":"","jetpack_seo_noindex":false,"footnotes":""},"class_list":["post-637","page","type-page","status-publish","hentry"],"jetpack_sharing_enabled":true,"jetpack_likes_enabled":true,"jetpack-related-posts":[{"id":801,"url":"https:\/\/baza-becaraca.hkcp.hr\/?page_id=801","url_meta":{"origin":637,"position":0},"title":"KUD &#8220;Kondri\u0107ani&#8221; Kondri\u0107","date":"7. studenoga 2023.","format":false,"excerpt":"KUD \"Kondri\u0107ani\" Kondri\u0107 \u00a0 Kulturno-umjetni\u010dko dru\u0161tvo \u201cKondri\u0107ani\u201d dolazi iz Kondri\u0107a, koje je smje\u0161teno na obroncima Dilja, op\u0107ine Trnava, Osje\u010dko \u2013 baranjske \u017eupanije. Dru\u0161tvo je osnovano 6. sije\u010dnja 2001., a djeluje u tri skupine; plesna skupina, pjeva\u010dka i tambura\u0161ka sekcija. KUD broji oko 20-tak aktivnih \u010dlanova. Njeguju\u0107i pjesmu, plesove i obi\u010daje\u2026","rel":"","context":"Srodne objave","img":{"alt_text":"","src":"","width":0,"height":0},"classes":[]}],"_links":{"self":[{"href":"https:\/\/baza-becaraca.hkcp.hr\/index.php?rest_route=\/wp\/v2\/pages\/637","targetHints":{"allow":["GET"]}}],"collection":[{"href":"https:\/\/baza-becaraca.hkcp.hr\/index.php?rest_route=\/wp\/v2\/pages"}],"about":[{"href":"https:\/\/baza-becaraca.hkcp.hr\/index.php?rest_route=\/wp\/v2\/types\/page"}],"author":[{"embeddable":true,"href":"https:\/\/baza-becaraca.hkcp.hr\/index.php?rest_route=\/wp\/v2\/users\/1"}],"replies":[{"embeddable":true,"href":"https:\/\/baza-becaraca.hkcp.hr\/index.php?rest_route=%2Fwp%2Fv2%2Fcomments&post=637"}],"version-history":[{"count":11,"href":"https:\/\/baza-becaraca.hkcp.hr\/index.php?rest_route=\/wp\/v2\/pages\/637\/revisions"}],"predecessor-version":[{"id":1175,"href":"https:\/\/baza-becaraca.hkcp.hr\/index.php?rest_route=\/wp\/v2\/pages\/637\/revisions\/1175"}],"wp:attachment":[{"href":"https:\/\/baza-becaraca.hkcp.hr\/index.php?rest_route=%2Fwp%2Fv2%2Fmedia&parent=637"}],"curies":[{"name":"wp","href":"https:\/\/api.w.org\/{rel}","templated":true}]}}