{"id":462,"date":"2021-12-06T10:45:09","date_gmt":"2021-12-06T09:45:09","guid":{"rendered":"http:\/\/baza-becaraca.hkcp.hr\/?page_id=462"},"modified":"2022-11-23T12:28:20","modified_gmt":"2022-11-23T11:28:20","slug":"poslusaj_becarac","status":"publish","type":"page","link":"https:\/\/baza-becaraca.hkcp.hr\/?page_id=462","title":{"rendered":"Poslu\u0161aj"},"content":{"rendered":"<p>Po\u0161tovani! Na dolje prikazanoj karti mo\u017eete prona\u0107i mjesta u kojem su snimljeni be\u0107arci. Kliknite na \u017eeljenu to\u010dku na karti i slijedite poveznicu.<\/p>\n<p>U\u017eivajte u snimkama, dijelite ih putem dru\u0161tvenih mre\u017ea i skupa s nama promovirajte na\u0161u nematerijalnu kulturnu ba\u0161tinu &#8211; be\u0107arac!<\/p>\n<p>&nbsp;<\/p>\n<p><iframe loading=\"lazy\" src=\"https:\/\/www.google.com\/maps\/d\/u\/6\/embed?mid=1jH6J53HzWSCVWRHmASd9jPG2ADwg-Qg&amp;ehbc=2E312F\" width=\"640\" height=\"480\"><\/iframe><\/p>\n<p>&nbsp;<\/p>\n<p>&nbsp;<\/p>\n","protected":false},"excerpt":{"rendered":"<p>Po\u0161tovani! Na dolje prikazanoj karti mo\u017eete prona\u0107i mjesta u kojem su snimljeni be\u0107arci. Kliknite na \u017eeljenu to\u010dku na karti i slijedite poveznicu. U\u017eivajte u snimkama, dijelite ih putem dru\u0161tvenih mre\u017ea i skupa s nama promovirajte na\u0161u nematerijalnu kulturnu ba\u0161tinu &#8211; be\u0107arac! &nbsp; &nbsp; &nbsp;<\/p>\n","protected":false},"author":1,"featured_media":0,"parent":0,"menu_order":0,"comment_status":"closed","ping_status":"closed","template":"","meta":{"advanced_seo_description":"","jetpack_seo_html_title":"","jetpack_seo_noindex":false,"footnotes":""},"class_list":["post-462","page","type-page","status-publish","hentry"],"jetpack_sharing_enabled":true,"jetpack_likes_enabled":true,"jetpack-related-posts":[{"id":801,"url":"https:\/\/baza-becaraca.hkcp.hr\/?page_id=801","url_meta":{"origin":462,"position":0},"title":"KUD &#8220;Kondri\u0107ani&#8221; Kondri\u0107","date":"7. studenoga 2023.","format":false,"excerpt":"KUD \"Kondri\u0107ani\" Kondri\u0107 \u00a0 Kulturno-umjetni\u010dko dru\u0161tvo \u201cKondri\u0107ani\u201d dolazi iz Kondri\u0107a, koje je smje\u0161teno na obroncima Dilja, op\u0107ine Trnava, Osje\u010dko \u2013 baranjske \u017eupanije. Dru\u0161tvo je osnovano 6. sije\u010dnja 2001., a djeluje u tri skupine; plesna skupina, pjeva\u010dka i tambura\u0161ka sekcija. KUD broji oko 20-tak aktivnih \u010dlanova. Njeguju\u0107i pjesmu, plesove i obi\u010daje\u2026","rel":"","context":"Srodne objave","img":{"alt_text":"","src":"","width":0,"height":0},"classes":[]}],"_links":{"self":[{"href":"https:\/\/baza-becaraca.hkcp.hr\/index.php?rest_route=\/wp\/v2\/pages\/462","targetHints":{"allow":["GET"]}}],"collection":[{"href":"https:\/\/baza-becaraca.hkcp.hr\/index.php?rest_route=\/wp\/v2\/pages"}],"about":[{"href":"https:\/\/baza-becaraca.hkcp.hr\/index.php?rest_route=\/wp\/v2\/types\/page"}],"author":[{"embeddable":true,"href":"https:\/\/baza-becaraca.hkcp.hr\/index.php?rest_route=\/wp\/v2\/users\/1"}],"replies":[{"embeddable":true,"href":"https:\/\/baza-becaraca.hkcp.hr\/index.php?rest_route=%2Fwp%2Fv2%2Fcomments&post=462"}],"version-history":[{"count":14,"href":"https:\/\/baza-becaraca.hkcp.hr\/index.php?rest_route=\/wp\/v2\/pages\/462\/revisions"}],"predecessor-version":[{"id":694,"href":"https:\/\/baza-becaraca.hkcp.hr\/index.php?rest_route=\/wp\/v2\/pages\/462\/revisions\/694"}],"wp:attachment":[{"href":"https:\/\/baza-becaraca.hkcp.hr\/index.php?rest_route=%2Fwp%2Fv2%2Fmedia&parent=462"}],"curies":[{"name":"wp","href":"https:\/\/api.w.org\/{rel}","templated":true}]}}